{"id":581,"date":"2024-09-02T18:16:04","date_gmt":"2024-09-02T18:16:04","guid":{"rendered":"https:\/\/dalmamater.com\/?post_type=product&#038;p=581"},"modified":"2024-09-02T18:16:04","modified_gmt":"2024-09-02T18:16:04","slug":"wild-snow-dog-dry-gin","status":"publish","type":"product","link":"https:\/\/dalmamater.com\/en\/product\/bebidas\/wild-snow-dog-dry-gin\/","title":{"rendered":"Wild Snow Dog Dry Gin"},"content":{"rendered":"<p>Premium gin distilled from the berries of the wild juniper that grows in the Serra da Estrela and nine other selected botanicals: lemon peel, coriander seeds, kumquat, cassia, cinnamon, angelica root, almond, rose and nutmeg.<\/p>\n<p>700ml. 40% Vol.<\/p>","protected":false},"excerpt":{"rendered":"<p>Premium gin distilled from the berries of the wild juniper that grows in the Serra da Estrela and nine other selected botanicals: lemon peel, coriander seeds, kumquat, cassia, cinnamon, angelica root, almond, rose and nutmeg.\n\n700ml. 40% Vol.<\/p>","protected":false},"featured_media":582,"template":"","meta":{"_eb_attr":"","_uag_custom_page_level_css":"","_monsterinsights_skip_tracking":false,"_monsterinsights_sitenote_active":false,"_monsterinsights_sitenote_note":"","_monsterinsights_sitenote_category":0},"product_brand":[],"product_cat":[26],"product_tag":[27],"class_list":{"0":"post-581","1":"product","2":"type-product","3":"status-publish","4":"has-post-thumbnail","6":"product_cat-bebidas","7":"product_tag-bebidas","9":"first","10":"instock","11":"shipping-taxable","12":"product-type-simple"},"yoast_head":"<!-- This site is optimized with the Yoast SEO plugin v27.3 - https:\/\/yoast.com\/product\/yoast-seo-wordpress\/ -->\n<title>Wild Snow Dog Dry Gin - D&#039;Alma Mater<\/title>\n<meta name=\"robots\" content=\"index, follow, max-snippet:-1, max-image-preview:large, max-video-preview:-1\" \/>\n<link rel=\"canonical\" href=\"https:\/\/dalmamater.com\/en\/product\/bebidas\/wild-snow-dog-dry-gin\/\" \/>\n<meta property=\"og:locale\" content=\"en_GB\" \/>\n<meta property=\"og:type\" content=\"article\" \/>\n<meta property=\"og:title\" content=\"Wild Snow Dog Dry Gin - D&#039;Alma Mater\" \/>\n<meta property=\"og:description\" content=\"Premium gin destilado das bagas do zimbro selvagem que vegeta na Serra da Estrela e de mais nove bot\u00e2nicos selecionados: casca de lim\u00e3o, sementes de coentros, kumquat, c\u00e1ssia, canela, raiz de ang\u00e9lica, am\u00eandoa, rosa e noz-moscada. 700ml. 40% Vol.\" \/>\n<meta property=\"og:url\" content=\"https:\/\/dalmamater.com\/en\/product\/bebidas\/wild-snow-dog-dry-gin\/\" \/>\n<meta property=\"og:site_name\" content=\"D&#039;Alma Mater\" \/>\n<meta property=\"article:publisher\" content=\"https:\/\/www.facebook.com\/dalmamater.pt\" \/>\n<meta property=\"og:image\" content=\"https:\/\/dalmamater.com\/wp-content\/uploads\/2024\/09\/Snow-Dog-Gin.webp\" \/>\n\t<meta property=\"og:image:width\" content=\"1000\" \/>\n\t<meta property=\"og:image:height\" content=\"1317\" \/>\n\t<meta property=\"og:image:type\" content=\"image\/webp\" \/>\n<meta name=\"twitter:card\" content=\"summary_large_image\" \/>\n<script type=\"application\/ld+json\" class=\"yoast-schema-graph\">{\"@context\":\"https:\\\/\\\/schema.org\",\"@graph\":[{\"@type\":\"WebPage\",\"@id\":\"https:\\\/\\\/dalmamater.com\\\/product\\\/bebidas\\\/wild-snow-dog-dry-gin\\\/\",\"url\":\"https:\\\/\\\/dalmamater.com\\\/product\\\/bebidas\\\/wild-snow-dog-dry-gin\\\/\",\"name\":\"Wild Snow Dog Dry Gin - D&#039;Alma Mater\",\"isPartOf\":{\"@id\":\"https:\\\/\\\/dalmamater.com\\\/#website\"},\"primaryImageOfPage\":{\"@id\":\"https:\\\/\\\/dalmamater.com\\\/product\\\/bebidas\\\/wild-snow-dog-dry-gin\\\/#primaryimage\"},\"image\":{\"@id\":\"https:\\\/\\\/dalmamater.com\\\/product\\\/bebidas\\\/wild-snow-dog-dry-gin\\\/#primaryimage\"},\"thumbnailUrl\":\"https:\\\/\\\/dalmamater.com\\\/wp-content\\\/uploads\\\/2024\\\/09\\\/Snow-Dog-Gin.webp\",\"datePublished\":\"2024-09-02T18:16:04+00:00\",\"breadcrumb\":{\"@id\":\"https:\\\/\\\/dalmamater.com\\\/product\\\/bebidas\\\/wild-snow-dog-dry-gin\\\/#breadcrumb\"},\"inLanguage\":\"en-GB\",\"potentialAction\":[{\"@type\":\"ReadAction\",\"target\":[\"https:\\\/\\\/dalmamater.com\\\/product\\\/bebidas\\\/wild-snow-dog-dry-gin\\\/\"]}]},{\"@type\":\"ImageObject\",\"inLanguage\":\"en-GB\",\"@id\":\"https:\\\/\\\/dalmamater.com\\\/product\\\/bebidas\\\/wild-snow-dog-dry-gin\\\/#primaryimage\",\"url\":\"https:\\\/\\\/dalmamater.com\\\/wp-content\\\/uploads\\\/2024\\\/09\\\/Snow-Dog-Gin.webp\",\"contentUrl\":\"https:\\\/\\\/dalmamater.com\\\/wp-content\\\/uploads\\\/2024\\\/09\\\/Snow-Dog-Gin.webp\",\"width\":1000,\"height\":1317,\"caption\":\"Snow-Dog-Gin\"},{\"@type\":\"BreadcrumbList\",\"@id\":\"https:\\\/\\\/dalmamater.com\\\/product\\\/bebidas\\\/wild-snow-dog-dry-gin\\\/#breadcrumb\",\"itemListElement\":[{\"@type\":\"ListItem\",\"position\":1,\"name\":\"In\u00edcio\",\"item\":\"https:\\\/\\\/dalmamater.com\\\/\"},{\"@type\":\"ListItem\",\"position\":2,\"name\":\"Produtos\",\"item\":\"https:\\\/\\\/dalmamater.com\\\/shop\\\/\"},{\"@type\":\"ListItem\",\"position\":3,\"name\":\"Wild Snow Dog Dry Gin\"}]},{\"@type\":\"WebSite\",\"@id\":\"https:\\\/\\\/dalmamater.com\\\/#website\",\"url\":\"https:\\\/\\\/dalmamater.com\\\/\",\"name\":\"D'Alma Mater\",\"description\":\"Sabores aut\u00eanticos, da montanha\",\"publisher\":{\"@id\":\"https:\\\/\\\/dalmamater.com\\\/#organization\"},\"potentialAction\":[{\"@type\":\"SearchAction\",\"target\":{\"@type\":\"EntryPoint\",\"urlTemplate\":\"https:\\\/\\\/dalmamater.com\\\/?s={search_term_string}\"},\"query-input\":{\"@type\":\"PropertyValueSpecification\",\"valueRequired\":true,\"valueName\":\"search_term_string\"}}],\"inLanguage\":\"en-GB\"},{\"@type\":\"Organization\",\"@id\":\"https:\\\/\\\/dalmamater.com\\\/#organization\",\"name\":\"D'Alma Mater\",\"url\":\"https:\\\/\\\/dalmamater.com\\\/\",\"logo\":{\"@type\":\"ImageObject\",\"inLanguage\":\"en-GB\",\"@id\":\"https:\\\/\\\/dalmamater.com\\\/#\\\/schema\\\/logo\\\/image\\\/\",\"url\":\"https:\\\/\\\/dalmamater.com\\\/wp-content\\\/uploads\\\/2024\\\/08\\\/LogoHeader100.png\",\"contentUrl\":\"https:\\\/\\\/dalmamater.com\\\/wp-content\\\/uploads\\\/2024\\\/08\\\/LogoHeader100.png\",\"width\":1811,\"height\":604,\"caption\":\"D'Alma Mater\"},\"image\":{\"@id\":\"https:\\\/\\\/dalmamater.com\\\/#\\\/schema\\\/logo\\\/image\\\/\"},\"sameAs\":[\"https:\\\/\\\/www.facebook.com\\\/dalmamater.pt\",\"https:\\\/\\\/www.instagram.com\\\/dalmamater\\\/\"]}]}<\/script>\n<!-- \/ Yoast SEO plugin. -->","yoast_head_json":{"title":"Wild Snow Dog Dry Gin - D&#039;Alma Mater","robots":{"index":"index","follow":"follow","max-snippet":"max-snippet:-1","max-image-preview":"max-image-preview:large","max-video-preview":"max-video-preview:-1"},"canonical":"https:\/\/dalmamater.com\/en\/product\/bebidas\/wild-snow-dog-dry-gin\/","og_locale":"en_GB","og_type":"article","og_title":"Wild Snow Dog Dry Gin - D&#039;Alma Mater","og_description":"Premium gin destilado das bagas do zimbro selvagem que vegeta na Serra da Estrela e de mais nove bot\u00e2nicos selecionados: casca de lim\u00e3o, sementes de coentros, kumquat, c\u00e1ssia, canela, raiz de ang\u00e9lica, am\u00eandoa, rosa e noz-moscada. 700ml. 40% Vol.","og_url":"https:\/\/dalmamater.com\/en\/product\/bebidas\/wild-snow-dog-dry-gin\/","og_site_name":"D&#039;Alma Mater","article_publisher":"https:\/\/www.facebook.com\/dalmamater.pt","og_image":[{"width":1000,"height":1317,"url":"https:\/\/dalmamater.com\/wp-content\/uploads\/2024\/09\/Snow-Dog-Gin.webp","type":"image\/webp"}],"twitter_card":"summary_large_image","schema":{"@context":"https:\/\/schema.org","@graph":[{"@type":"WebPage","@id":"https:\/\/dalmamater.com\/product\/bebidas\/wild-snow-dog-dry-gin\/","url":"https:\/\/dalmamater.com\/product\/bebidas\/wild-snow-dog-dry-gin\/","name":"Wild Snow Dog Dry Gin - D&#039;Alma Mater","isPartOf":{"@id":"https:\/\/dalmamater.com\/#website"},"primaryImageOfPage":{"@id":"https:\/\/dalmamater.com\/product\/bebidas\/wild-snow-dog-dry-gin\/#primaryimage"},"image":{"@id":"https:\/\/dalmamater.com\/product\/bebidas\/wild-snow-dog-dry-gin\/#primaryimage"},"thumbnailUrl":"https:\/\/dalmamater.com\/wp-content\/uploads\/2024\/09\/Snow-Dog-Gin.webp","datePublished":"2024-09-02T18:16:04+00:00","breadcrumb":{"@id":"https:\/\/dalmamater.com\/product\/bebidas\/wild-snow-dog-dry-gin\/#breadcrumb"},"inLanguage":"en-GB","potentialAction":[{"@type":"ReadAction","target":["https:\/\/dalmamater.com\/product\/bebidas\/wild-snow-dog-dry-gin\/"]}]},{"@type":"ImageObject","inLanguage":"en-GB","@id":"https:\/\/dalmamater.com\/product\/bebidas\/wild-snow-dog-dry-gin\/#primaryimage","url":"https:\/\/dalmamater.com\/wp-content\/uploads\/2024\/09\/Snow-Dog-Gin.webp","contentUrl":"https:\/\/dalmamater.com\/wp-content\/uploads\/2024\/09\/Snow-Dog-Gin.webp","width":1000,"height":1317,"caption":"Snow-Dog-Gin"},{"@type":"BreadcrumbList","@id":"https:\/\/dalmamater.com\/product\/bebidas\/wild-snow-dog-dry-gin\/#breadcrumb","itemListElement":[{"@type":"ListItem","position":1,"name":"In\u00edcio","item":"https:\/\/dalmamater.com\/"},{"@type":"ListItem","position":2,"name":"Produtos","item":"https:\/\/dalmamater.com\/shop\/"},{"@type":"ListItem","position":3,"name":"Wild Snow Dog Dry Gin"}]},{"@type":"WebSite","@id":"https:\/\/dalmamater.com\/#website","url":"https:\/\/dalmamater.com\/","name":"D'Alma Mater","description":"Authentic flavours, from the mountains","publisher":{"@id":"https:\/\/dalmamater.com\/#organization"},"potentialAction":[{"@type":"SearchAction","target":{"@type":"EntryPoint","urlTemplate":"https:\/\/dalmamater.com\/?s={search_term_string}"},"query-input":{"@type":"PropertyValueSpecification","valueRequired":true,"valueName":"search_term_string"}}],"inLanguage":"en-GB"},{"@type":"Organization","@id":"https:\/\/dalmamater.com\/#organization","name":"D'Alma Mater","url":"https:\/\/dalmamater.com\/","logo":{"@type":"ImageObject","inLanguage":"en-GB","@id":"https:\/\/dalmamater.com\/#\/schema\/logo\/image\/","url":"https:\/\/dalmamater.com\/wp-content\/uploads\/2024\/08\/LogoHeader100.png","contentUrl":"https:\/\/dalmamater.com\/wp-content\/uploads\/2024\/08\/LogoHeader100.png","width":1811,"height":604,"caption":"D'Alma Mater"},"image":{"@id":"https:\/\/dalmamater.com\/#\/schema\/logo\/image\/"},"sameAs":["https:\/\/www.facebook.com\/dalmamater.pt","https:\/\/www.instagram.com\/dalmamater\/"]}]}},"uagb_featured_image_src":{"full":["https:\/\/dalmamater.com\/wp-content\/uploads\/2024\/09\/Snow-Dog-Gin.webp",1000,1317,false],"thumbnail":["https:\/\/dalmamater.com\/wp-content\/uploads\/2024\/09\/Snow-Dog-Gin-150x150.webp",150,150,true],"medium":["https:\/\/dalmamater.com\/wp-content\/uploads\/2024\/09\/Snow-Dog-Gin-228x300.webp",228,300,true],"medium_large":["https:\/\/dalmamater.com\/wp-content\/uploads\/2024\/09\/Snow-Dog-Gin-768x1011.webp",768,1011,true],"large":["https:\/\/dalmamater.com\/wp-content\/uploads\/2024\/09\/Snow-Dog-Gin-778x1024.webp",778,1024,true],"1536x1536":["https:\/\/dalmamater.com\/wp-content\/uploads\/2024\/09\/Snow-Dog-Gin.webp",1000,1317,false],"2048x2048":["https:\/\/dalmamater.com\/wp-content\/uploads\/2024\/09\/Snow-Dog-Gin.webp",1000,1317,false],"trp-custom-language-flag":["https:\/\/dalmamater.com\/wp-content\/uploads\/2024\/09\/Snow-Dog-Gin-9x12.webp",9,12,true],"woocommerce_thumbnail":["https:\/\/dalmamater.com\/wp-content\/uploads\/2024\/09\/Snow-Dog-Gin-300x300.webp",300,300,true],"woocommerce_single":["https:\/\/dalmamater.com\/wp-content\/uploads\/2024\/09\/Snow-Dog-Gin-600x790.webp",600,790,true],"woocommerce_gallery_thumbnail":["https:\/\/dalmamater.com\/wp-content\/uploads\/2024\/09\/Snow-Dog-Gin-100x100.webp",100,100,true]},"uagb_author_info":{"display_name":"dalmama1","author_link":"https:\/\/dalmamater.com\/en\/author\/"},"uagb_comment_info":0,"uagb_excerpt":"Premium gin destilado das bagas do zimbro selvagem que vegeta na Serra da Estrela e de mais nove bot\u00e2nicos selecionados: casca de lim\u00e3o, sementes de coentros, kumquat, c\u00e1ssia, canela, raiz de ang\u00e9lica, am\u00eandoa, rosa e noz-moscada. 700ml. 40% Vol.","_links":{"self":[{"href":"https:\/\/dalmamater.com\/en\/wp-json\/wp\/v2\/product\/581","targetHints":{"allow":["GET"]}}],"collection":[{"href":"https:\/\/dalmamater.com\/en\/wp-json\/wp\/v2\/product"}],"about":[{"href":"https:\/\/dalmamater.com\/en\/wp-json\/wp\/v2\/types\/product"}],"wp:featuredmedia":[{"embeddable":true,"href":"https:\/\/dalmamater.com\/en\/wp-json\/wp\/v2\/media\/582"}],"wp:attachment":[{"href":"https:\/\/dalmamater.com\/en\/wp-json\/wp\/v2\/media?parent=581"}],"wp:term":[{"taxonomy":"product_brand","embeddable":true,"href":"https:\/\/dalmamater.com\/en\/wp-json\/wp\/v2\/product_brand?post=581"},{"taxonomy":"product_cat","embeddable":true,"href":"https:\/\/dalmamater.com\/en\/wp-json\/wp\/v2\/product_cat?post=581"},{"taxonomy":"product_tag","embeddable":true,"href":"https:\/\/dalmamater.com\/en\/wp-json\/wp\/v2\/product_tag?post=581"}],"curies":[{"name":"wp","href":"https:\/\/api.w.org\/{rel}","templated":true}]}}