{"id":1376,"date":"2024-11-27T14:36:29","date_gmt":"2024-11-27T14:36:29","guid":{"rendered":"https:\/\/dalmamater.com\/?post_type=product&#038;p=1376"},"modified":"2024-11-27T14:41:47","modified_gmt":"2024-11-27T14:41:47","slug":"mel-da-serra-da-estrela","status":"publish","type":"product","link":"https:\/\/dalmamater.com\/en\/product\/mel\/mel-da-serra-da-estrela\/","title":{"rendered":"Serra da Estrela Honey"},"content":{"rendered":"<p style=\"font-weight: 400;\">This is a multi-floral honey with wildflower nectars, predominantly Rosemary, Cistus, Heather, Eucalyptus and a host of wildflowers that give this honey an unparalleled aroma and flavour.<\/p>\n<p style=\"font-weight: 400;\">The absence of intensive cultivation and the abundance of springs contribute to the high quality of this honey.<\/p>\n<p>Available in two sizes, 170 ml and 600 ml.<\/p>","protected":false},"excerpt":{"rendered":"<p>Multifloral honey with wildflower nectars from the Serra da Estrela. Handmade and sustainably produced.<\/p>","protected":false},"featured_media":1377,"template":"","meta":{"_eb_attr":"","_uag_custom_page_level_css":"","_monsterinsights_skip_tracking":false,"_monsterinsights_sitenote_active":false,"_monsterinsights_sitenote_note":"","_monsterinsights_sitenote_category":0},"product_brand":[],"product_cat":[53],"product_tag":[54],"class_list":{"0":"post-1376","1":"product","2":"type-product","3":"status-publish","4":"has-post-thumbnail","6":"product_cat-mel","7":"product_tag-mel","9":"first","10":"instock","11":"shipping-taxable","12":"product-type-simple"},"yoast_head":"<!-- This site is optimized with the Yoast SEO plugin v27.3 - https:\/\/yoast.com\/product\/yoast-seo-wordpress\/ -->\n<title>Mel da Serra da Estrela - D&#039;Alma Mater<\/title>\n<meta name=\"description\" content=\"Este \u00e9 um mel multifloral com n\u00e9ctares de flores silvestres predominando o Rosmaninho, a Esteva, a Urze, o Eucalipto e um sem-n\u00famero de Flores Silvestres que oferecem a este mel um aroma e um sabor inigual\u00e1veis. A aus\u00eancia de culturas intensivas e a abund\u00e2ncia de nascentes contribuem para a elevada qualidade deste mel.\" \/>\n<meta name=\"robots\" content=\"index, follow, max-snippet:-1, max-image-preview:large, max-video-preview:-1\" \/>\n<link rel=\"canonical\" href=\"https:\/\/dalmamater.com\/en\/product\/mel\/mel-da-serra-da-estrela\/\" \/>\n<meta property=\"og:locale\" content=\"en_GB\" \/>\n<meta property=\"og:type\" content=\"article\" \/>\n<meta property=\"og:title\" content=\"Mel da Serra da Estrela - D&#039;Alma Mater\" \/>\n<meta property=\"og:description\" content=\"Este \u00e9 um mel multifloral com n\u00e9ctares de flores silvestres predominando o Rosmaninho, a Esteva, a Urze, o Eucalipto e um sem-n\u00famero de Flores Silvestres que oferecem a este mel um aroma e um sabor inigual\u00e1veis. A aus\u00eancia de culturas intensivas e a abund\u00e2ncia de nascentes contribuem para a elevada qualidade deste mel.\" \/>\n<meta property=\"og:url\" content=\"https:\/\/dalmamater.com\/en\/product\/mel\/mel-da-serra-da-estrela\/\" \/>\n<meta property=\"og:site_name\" content=\"D&#039;Alma Mater\" \/>\n<meta property=\"article:publisher\" content=\"https:\/\/www.facebook.com\/dalmamater.pt\" \/>\n<meta property=\"article:modified_time\" content=\"2024-11-27T14:41:47+00:00\" \/>\n<meta property=\"og:image\" content=\"https:\/\/dalmamater.com\/wp-content\/uploads\/2024\/11\/DSC_0612-scaled-e1732718365752.jpg\" \/>\n\t<meta property=\"og:image:width\" content=\"1318\" \/>\n\t<meta property=\"og:image:height\" content=\"1698\" \/>\n\t<meta property=\"og:image:type\" content=\"image\/jpeg\" \/>\n<meta name=\"twitter:card\" content=\"summary_large_image\" \/>\n<meta name=\"twitter:label1\" content=\"Estimated reading time\" \/>\n\t<meta name=\"twitter:data1\" content=\"1 minute\" \/>\n<script type=\"application\/ld+json\" class=\"yoast-schema-graph\">{\"@context\":\"https:\\\/\\\/schema.org\",\"@graph\":[{\"@type\":\"WebPage\",\"@id\":\"https:\\\/\\\/dalmamater.com\\\/product\\\/mel\\\/mel-da-serra-da-estrela\\\/\",\"url\":\"https:\\\/\\\/dalmamater.com\\\/product\\\/mel\\\/mel-da-serra-da-estrela\\\/\",\"name\":\"Mel da Serra da Estrela - D&#039;Alma Mater\",\"isPartOf\":{\"@id\":\"https:\\\/\\\/dalmamater.com\\\/#website\"},\"primaryImageOfPage\":{\"@id\":\"https:\\\/\\\/dalmamater.com\\\/product\\\/mel\\\/mel-da-serra-da-estrela\\\/#primaryimage\"},\"image\":{\"@id\":\"https:\\\/\\\/dalmamater.com\\\/product\\\/mel\\\/mel-da-serra-da-estrela\\\/#primaryimage\"},\"thumbnailUrl\":\"https:\\\/\\\/dalmamater.com\\\/wp-content\\\/uploads\\\/2024\\\/11\\\/DSC_0612-scaled-e1732718365752.jpg\",\"datePublished\":\"2024-11-27T14:36:29+00:00\",\"dateModified\":\"2024-11-27T14:41:47+00:00\",\"description\":\"Este \u00e9 um mel multifloral com n\u00e9ctares de flores silvestres predominando o Rosmaninho, a Esteva, a Urze, o Eucalipto e um sem-n\u00famero de Flores Silvestres que oferecem a este mel um aroma e um sabor inigual\u00e1veis. A aus\u00eancia de culturas intensivas e a abund\u00e2ncia de nascentes contribuem para a elevada qualidade deste mel.\",\"breadcrumb\":{\"@id\":\"https:\\\/\\\/dalmamater.com\\\/product\\\/mel\\\/mel-da-serra-da-estrela\\\/#breadcrumb\"},\"inLanguage\":\"en-GB\",\"potentialAction\":[{\"@type\":\"ReadAction\",\"target\":[\"https:\\\/\\\/dalmamater.com\\\/product\\\/mel\\\/mel-da-serra-da-estrela\\\/\"]}]},{\"@type\":\"ImageObject\",\"inLanguage\":\"en-GB\",\"@id\":\"https:\\\/\\\/dalmamater.com\\\/product\\\/mel\\\/mel-da-serra-da-estrela\\\/#primaryimage\",\"url\":\"https:\\\/\\\/dalmamater.com\\\/wp-content\\\/uploads\\\/2024\\\/11\\\/DSC_0612-scaled-e1732718365752.jpg\",\"contentUrl\":\"https:\\\/\\\/dalmamater.com\\\/wp-content\\\/uploads\\\/2024\\\/11\\\/DSC_0612-scaled-e1732718365752.jpg\",\"width\":1318,\"height\":1698,\"caption\":\"Mel natural multifloral da Serra da Estrela\"},{\"@type\":\"BreadcrumbList\",\"@id\":\"https:\\\/\\\/dalmamater.com\\\/product\\\/mel\\\/mel-da-serra-da-estrela\\\/#breadcrumb\",\"itemListElement\":[{\"@type\":\"ListItem\",\"position\":1,\"name\":\"In\u00edcio\",\"item\":\"https:\\\/\\\/dalmamater.com\\\/\"},{\"@type\":\"ListItem\",\"position\":2,\"name\":\"Produtos\",\"item\":\"https:\\\/\\\/dalmamater.com\\\/shop\\\/\"},{\"@type\":\"ListItem\",\"position\":3,\"name\":\"Mel da Serra da Estrela\"}]},{\"@type\":\"WebSite\",\"@id\":\"https:\\\/\\\/dalmamater.com\\\/#website\",\"url\":\"https:\\\/\\\/dalmamater.com\\\/\",\"name\":\"D'Alma Mater\",\"description\":\"Sabores aut\u00eanticos, da montanha\",\"publisher\":{\"@id\":\"https:\\\/\\\/dalmamater.com\\\/#organization\"},\"potentialAction\":[{\"@type\":\"SearchAction\",\"target\":{\"@type\":\"EntryPoint\",\"urlTemplate\":\"https:\\\/\\\/dalmamater.com\\\/?s={search_term_string}\"},\"query-input\":{\"@type\":\"PropertyValueSpecification\",\"valueRequired\":true,\"valueName\":\"search_term_string\"}}],\"inLanguage\":\"en-GB\"},{\"@type\":\"Organization\",\"@id\":\"https:\\\/\\\/dalmamater.com\\\/#organization\",\"name\":\"D'Alma Mater\",\"url\":\"https:\\\/\\\/dalmamater.com\\\/\",\"logo\":{\"@type\":\"ImageObject\",\"inLanguage\":\"en-GB\",\"@id\":\"https:\\\/\\\/dalmamater.com\\\/#\\\/schema\\\/logo\\\/image\\\/\",\"url\":\"https:\\\/\\\/dalmamater.com\\\/wp-content\\\/uploads\\\/2024\\\/08\\\/LogoHeader100.png\",\"contentUrl\":\"https:\\\/\\\/dalmamater.com\\\/wp-content\\\/uploads\\\/2024\\\/08\\\/LogoHeader100.png\",\"width\":1811,\"height\":604,\"caption\":\"D'Alma Mater\"},\"image\":{\"@id\":\"https:\\\/\\\/dalmamater.com\\\/#\\\/schema\\\/logo\\\/image\\\/\"},\"sameAs\":[\"https:\\\/\\\/www.facebook.com\\\/dalmamater.pt\",\"https:\\\/\\\/www.instagram.com\\\/dalmamater\\\/\"]}]}<\/script>\n<!-- \/ Yoast SEO plugin. -->","yoast_head_json":{"title":"Mel da Serra da Estrela - D&#039;Alma Mater","description":"Este \u00e9 um mel multifloral com n\u00e9ctares de flores silvestres predominando o Rosmaninho, a Esteva, a Urze, o Eucalipto e um sem-n\u00famero de Flores Silvestres que oferecem a este mel um aroma e um sabor inigual\u00e1veis. A aus\u00eancia de culturas intensivas e a abund\u00e2ncia de nascentes contribuem para a elevada qualidade deste mel.","robots":{"index":"index","follow":"follow","max-snippet":"max-snippet:-1","max-image-preview":"max-image-preview:large","max-video-preview":"max-video-preview:-1"},"canonical":"https:\/\/dalmamater.com\/en\/product\/mel\/mel-da-serra-da-estrela\/","og_locale":"en_GB","og_type":"article","og_title":"Mel da Serra da Estrela - D&#039;Alma Mater","og_description":"Este \u00e9 um mel multifloral com n\u00e9ctares de flores silvestres predominando o Rosmaninho, a Esteva, a Urze, o Eucalipto e um sem-n\u00famero de Flores Silvestres que oferecem a este mel um aroma e um sabor inigual\u00e1veis. A aus\u00eancia de culturas intensivas e a abund\u00e2ncia de nascentes contribuem para a elevada qualidade deste mel.","og_url":"https:\/\/dalmamater.com\/en\/product\/mel\/mel-da-serra-da-estrela\/","og_site_name":"D&#039;Alma Mater","article_publisher":"https:\/\/www.facebook.com\/dalmamater.pt","article_modified_time":"2024-11-27T14:41:47+00:00","og_image":[{"width":1318,"height":1698,"url":"https:\/\/dalmamater.com\/wp-content\/uploads\/2024\/11\/DSC_0612-scaled-e1732718365752.jpg","type":"image\/jpeg"}],"twitter_card":"summary_large_image","twitter_misc":{"Estimated reading time":"1 minute"},"schema":{"@context":"https:\/\/schema.org","@graph":[{"@type":"WebPage","@id":"https:\/\/dalmamater.com\/product\/mel\/mel-da-serra-da-estrela\/","url":"https:\/\/dalmamater.com\/product\/mel\/mel-da-serra-da-estrela\/","name":"Mel da Serra da Estrela - D&#039;Alma Mater","isPartOf":{"@id":"https:\/\/dalmamater.com\/#website"},"primaryImageOfPage":{"@id":"https:\/\/dalmamater.com\/product\/mel\/mel-da-serra-da-estrela\/#primaryimage"},"image":{"@id":"https:\/\/dalmamater.com\/product\/mel\/mel-da-serra-da-estrela\/#primaryimage"},"thumbnailUrl":"https:\/\/dalmamater.com\/wp-content\/uploads\/2024\/11\/DSC_0612-scaled-e1732718365752.jpg","datePublished":"2024-11-27T14:36:29+00:00","dateModified":"2024-11-27T14:41:47+00:00","description":"Este \u00e9 um mel multifloral com n\u00e9ctares de flores silvestres predominando o Rosmaninho, a Esteva, a Urze, o Eucalipto e um sem-n\u00famero de Flores Silvestres que oferecem a este mel um aroma e um sabor inigual\u00e1veis. A aus\u00eancia de culturas intensivas e a abund\u00e2ncia de nascentes contribuem para a elevada qualidade deste mel.","breadcrumb":{"@id":"https:\/\/dalmamater.com\/product\/mel\/mel-da-serra-da-estrela\/#breadcrumb"},"inLanguage":"en-GB","potentialAction":[{"@type":"ReadAction","target":["https:\/\/dalmamater.com\/product\/mel\/mel-da-serra-da-estrela\/"]}]},{"@type":"ImageObject","inLanguage":"en-GB","@id":"https:\/\/dalmamater.com\/product\/mel\/mel-da-serra-da-estrela\/#primaryimage","url":"https:\/\/dalmamater.com\/wp-content\/uploads\/2024\/11\/DSC_0612-scaled-e1732718365752.jpg","contentUrl":"https:\/\/dalmamater.com\/wp-content\/uploads\/2024\/11\/DSC_0612-scaled-e1732718365752.jpg","width":1318,"height":1698,"caption":"Mel natural multifloral da Serra da Estrela"},{"@type":"BreadcrumbList","@id":"https:\/\/dalmamater.com\/product\/mel\/mel-da-serra-da-estrela\/#breadcrumb","itemListElement":[{"@type":"ListItem","position":1,"name":"In\u00edcio","item":"https:\/\/dalmamater.com\/"},{"@type":"ListItem","position":2,"name":"Produtos","item":"https:\/\/dalmamater.com\/shop\/"},{"@type":"ListItem","position":3,"name":"Mel da Serra da Estrela"}]},{"@type":"WebSite","@id":"https:\/\/dalmamater.com\/#website","url":"https:\/\/dalmamater.com\/","name":"D'Alma Mater","description":"Authentic flavours, from the mountains","publisher":{"@id":"https:\/\/dalmamater.com\/#organization"},"potentialAction":[{"@type":"SearchAction","target":{"@type":"EntryPoint","urlTemplate":"https:\/\/dalmamater.com\/?s={search_term_string}"},"query-input":{"@type":"PropertyValueSpecification","valueRequired":true,"valueName":"search_term_string"}}],"inLanguage":"en-GB"},{"@type":"Organization","@id":"https:\/\/dalmamater.com\/#organization","name":"D'Alma Mater","url":"https:\/\/dalmamater.com\/","logo":{"@type":"ImageObject","inLanguage":"en-GB","@id":"https:\/\/dalmamater.com\/#\/schema\/logo\/image\/","url":"https:\/\/dalmamater.com\/wp-content\/uploads\/2024\/08\/LogoHeader100.png","contentUrl":"https:\/\/dalmamater.com\/wp-content\/uploads\/2024\/08\/LogoHeader100.png","width":1811,"height":604,"caption":"D'Alma Mater"},"image":{"@id":"https:\/\/dalmamater.com\/#\/schema\/logo\/image\/"},"sameAs":["https:\/\/www.facebook.com\/dalmamater.pt","https:\/\/www.instagram.com\/dalmamater\/"]}]}},"uagb_featured_image_src":{"full":["https:\/\/dalmamater.com\/wp-content\/uploads\/2024\/11\/DSC_0612-scaled-e1732718365752.jpg",1318,1698,false],"thumbnail":["https:\/\/dalmamater.com\/wp-content\/uploads\/2024\/11\/DSC_0612-scaled-e1732718365752-150x150.jpg",150,150,true],"medium":["https:\/\/dalmamater.com\/wp-content\/uploads\/2024\/11\/DSC_0612-scaled-e1732718365752-233x300.jpg",233,300,true],"medium_large":["https:\/\/dalmamater.com\/wp-content\/uploads\/2024\/11\/DSC_0612-scaled-e1732718365752-768x989.jpg",768,989,true],"large":["https:\/\/dalmamater.com\/wp-content\/uploads\/2024\/11\/DSC_0612-scaled-e1732718365752-795x1024.jpg",795,1024,true],"1536x1536":["https:\/\/dalmamater.com\/wp-content\/uploads\/2024\/11\/DSC_0612-scaled-e1732718365752-1192x1536.jpg",1192,1536,true],"2048x2048":["https:\/\/dalmamater.com\/wp-content\/uploads\/2024\/11\/DSC_0612-2048x1360.jpg",2048,1360,true],"trp-custom-language-flag":["https:\/\/dalmamater.com\/wp-content\/uploads\/2024\/11\/DSC_0612-scaled-e1732718365752-9x12.jpg",9,12,true],"woocommerce_thumbnail":["https:\/\/dalmamater.com\/wp-content\/uploads\/2024\/11\/DSC_0612-scaled-e1732718365752-300x300.jpg",300,300,true],"woocommerce_single":["https:\/\/dalmamater.com\/wp-content\/uploads\/2024\/11\/DSC_0612-scaled-e1732718365752-600x773.jpg",600,773,true],"woocommerce_gallery_thumbnail":["https:\/\/dalmamater.com\/wp-content\/uploads\/2024\/11\/DSC_0612-scaled-e1732718365752-100x100.jpg",100,100,true]},"uagb_author_info":{"display_name":"dalmama1","author_link":"https:\/\/dalmamater.com\/en\/author\/"},"uagb_comment_info":0,"uagb_excerpt":"Mel multifloral com n\u00e9ctares de flores silvestres oriundo da Serra da Estrela. Concebido de forma artesanal e sustent\u00e1vel.","_links":{"self":[{"href":"https:\/\/dalmamater.com\/en\/wp-json\/wp\/v2\/product\/1376","targetHints":{"allow":["GET"]}}],"collection":[{"href":"https:\/\/dalmamater.com\/en\/wp-json\/wp\/v2\/product"}],"about":[{"href":"https:\/\/dalmamater.com\/en\/wp-json\/wp\/v2\/types\/product"}],"wp:featuredmedia":[{"embeddable":true,"href":"https:\/\/dalmamater.com\/en\/wp-json\/wp\/v2\/media\/1377"}],"wp:attachment":[{"href":"https:\/\/dalmamater.com\/en\/wp-json\/wp\/v2\/media?parent=1376"}],"wp:term":[{"taxonomy":"product_brand","embeddable":true,"href":"https:\/\/dalmamater.com\/en\/wp-json\/wp\/v2\/product_brand?post=1376"},{"taxonomy":"product_cat","embeddable":true,"href":"https:\/\/dalmamater.com\/en\/wp-json\/wp\/v2\/product_cat?post=1376"},{"taxonomy":"product_tag","embeddable":true,"href":"https:\/\/dalmamater.com\/en\/wp-json\/wp\/v2\/product_tag?post=1376"}],"curies":[{"name":"wp","href":"https:\/\/api.w.org\/{rel}","templated":true}]}}